{"id":267,"date":"2018-06-17T18:21:13","date_gmt":"2018-06-17T16:21:13","guid":{"rendered":"http:\/\/www.baderbraeu.de\/wordpress\/?page_id=267"},"modified":"2021-12-27T15:16:33","modified_gmt":"2021-12-27T13:16:33","slug":"weissbier","status":"publish","type":"page","link":"https:\/\/www.baderbr\u00e4u.de\/?page_id=267","title":{"rendered":"Weissbier"},"content":{"rendered":"<p style=\"text-align: left;\">Das Baderbr\u00e4u Wei\u00dfbier war die Sorte, mit der wir 2005 angefangen haben. Harald Schieder und Ralph Forster schreiben in Ihrem Bierf\u00fchrer Oberbayern, dass das Baderbr\u00e4u Wei\u00dfbier aufgrund seiner vielschichtigen Fruchtaromen von Banane \u00fcber Pfirsich und Aprikose eigenst\u00e4ndig in der Bierwelt ist.<\/p>\n<p style=\"text-align: left;\">Wir laden Sie ein, sich selbst davon zu \u00fcberzeugen!<\/p>\n<p style=\"text-align: left;\"><a href=\"https:\/\/www.baderbr\u00e4u.de\/?page_id=386\">Online bestellen<\/a><\/p>\n<p style=\"text-align: center;\"><a href=\"https:\/\/www.baderbr\u00e4u.de\/?attachment_id=1005\" rel=\"attachment wp-att-1005\"><img loading=\"lazy\" class=\"alignright size-large wp-image-1005\" src=\"https:\/\/www.baderbr\u00e4u.de\/wp-content\/uploads\/2020\/07\/P1040114-768x1024.jpg\" alt=\"\" width=\"720\" height=\"960\" srcset=\"https:\/\/www.baderbr\u00e4u.de\/wp-content\/uploads\/2020\/07\/P1040114-768x1024.jpg 768w, https:\/\/www.baderbr\u00e4u.de\/wp-content\/uploads\/2020\/07\/P1040114-225x300.jpg 225w, https:\/\/www.baderbr\u00e4u.de\/wp-content\/uploads\/2020\/07\/P1040114-1152x1536.jpg 1152w, https:\/\/www.baderbr\u00e4u.de\/wp-content\/uploads\/2020\/07\/P1040114-1536x2048.jpg 1536w, https:\/\/www.baderbr\u00e4u.de\/wp-content\/uploads\/2020\/07\/P1040114-38x50.jpg 38w, https:\/\/www.baderbr\u00e4u.de\/wp-content\/uploads\/2020\/07\/P1040114-scaled.jpg 1920w\" sizes=\"(max-width: 720px) 100vw, 720px\" \/><\/a><\/p>\n","protected":false},"excerpt":{"rendered":"<p>Das Baderbr\u00e4u Wei\u00dfbier war die Sorte, mit der wir 2005 angefangen haben. Harald Schieder und Ralph Forster schreiben in Ihrem Bierf\u00fchrer Oberbayern, dass das Baderbr\u00e4u Wei\u00dfbier aufgrund seiner vielschichtigen Fruchtaromen von Banane \u00fcber Pfirsich und Aprikose eigenst\u00e4ndig in der Bierwelt ist. Wir laden Sie ein, sich selbst davon zu \u00fcberzeugen! Online bestellen<\/p>\n","protected":false},"author":1,"featured_media":0,"parent":323,"menu_order":0,"comment_status":"closed","ping_status":"closed","template":"","meta":[],"wppr_data":{"cwp_meta_box_check":"No"},"_links":{"self":[{"href":"https:\/\/www.baderbr\u00e4u.de\/index.php?rest_route=\/wp\/v2\/pages\/267"}],"collection":[{"href":"https:\/\/www.baderbr\u00e4u.de\/index.php?rest_route=\/wp\/v2\/pages"}],"about":[{"href":"https:\/\/www.baderbr\u00e4u.de\/index.php?rest_route=\/wp\/v2\/types\/page"}],"author":[{"embeddable":true,"href":"https:\/\/www.baderbr\u00e4u.de\/index.php?rest_route=\/wp\/v2\/users\/1"}],"replies":[{"embeddable":true,"href":"https:\/\/www.baderbr\u00e4u.de\/index.php?rest_route=%2Fwp%2Fv2%2Fcomments&post=267"}],"version-history":[{"count":15,"href":"https:\/\/www.baderbr\u00e4u.de\/index.php?rest_route=\/wp\/v2\/pages\/267\/revisions"}],"predecessor-version":[{"id":1389,"href":"https:\/\/www.baderbr\u00e4u.de\/index.php?rest_route=\/wp\/v2\/pages\/267\/revisions\/1389"}],"up":[{"embeddable":true,"href":"https:\/\/www.baderbr\u00e4u.de\/index.php?rest_route=\/wp\/v2\/pages\/323"}],"wp:attachment":[{"href":"https:\/\/www.baderbr\u00e4u.de\/index.php?rest_route=%2Fwp%2Fv2%2Fmedia&parent=267"}],"curies":[{"name":"wp","href":"https:\/\/api.w.org\/{rel}","templated":true}]}}