{"id":269,"date":"2018-06-17T18:21:19","date_gmt":"2018-06-17T16:21:19","guid":{"rendered":"http:\/\/www.baderbraeu.de\/wordpress\/?page_id=269"},"modified":"2022-02-24T19:01:52","modified_gmt":"2022-02-24T17:01:52","slug":"maerzen","status":"publish","type":"page","link":"https:\/\/www.baderbr\u00e4u.de\/?page_id=269","title":{"rendered":"M\u00e4rzen"},"content":{"rendered":"<p style=\"text-align: left;\">Ein kupferfarbenes Bier mit feiner Hopfenbittere und Hopfenaromen und 5.5% vol.<\/p>\n<p>Baderbr\u00e4u M\u00e4rzen k\u00f6nnen Sie in den Getr\u00e4nkem\u00e4rkten oder ab Brauerei in der 0,33 Liter Flasche erwerben. Gerne f\u00fcllen wir Ihnen auch ein Fass ab (in den Gr\u00f6\u00dfen 10 &#8211; 15 &#8211; 20 &#8211; 30 &#8211; 50 Liter. Bitte mindestens 1 Tag vorher telefonisch bestellen).<\/p>\n<p><a href=\"https:\/\/www.baderbr\u00e4u.de\/?page_id=386\">Online bestellen<\/a><\/p>\n<p style=\"text-align: center;\"><a href=\"https:\/\/www.baderbr\u00e4u.de\/?attachment_id=1342\" rel=\"attachment wp-att-1342\"><img loading=\"lazy\" class=\"size-large wp-image-1342 aligncenter\" src=\"https:\/\/www.baderbr\u00e4u.de\/wp-content\/uploads\/2021\/10\/P1040116M-556x1024.jpg\" alt=\"\" width=\"556\" height=\"1024\" srcset=\"https:\/\/www.baderbr\u00e4u.de\/wp-content\/uploads\/2021\/10\/P1040116M-556x1024.jpg 556w, https:\/\/www.baderbr\u00e4u.de\/wp-content\/uploads\/2021\/10\/P1040116M-163x300.jpg 163w, https:\/\/www.baderbr\u00e4u.de\/wp-content\/uploads\/2021\/10\/P1040116M-768x1415.jpg 768w, https:\/\/www.baderbr\u00e4u.de\/wp-content\/uploads\/2021\/10\/P1040116M-833x1536.jpg 833w, https:\/\/www.baderbr\u00e4u.de\/wp-content\/uploads\/2021\/10\/P1040116M-1111x2048.jpg 1111w, https:\/\/www.baderbr\u00e4u.de\/wp-content\/uploads\/2021\/10\/P1040116M-27x50.jpg 27w, https:\/\/www.baderbr\u00e4u.de\/wp-content\/uploads\/2021\/10\/P1040116M-scaled.jpg 1389w\" sizes=\"(max-width: 556px) 100vw, 556px\" \/><\/a><\/p>\n","protected":false},"excerpt":{"rendered":"<p>Ein kupferfarbenes Bier mit feiner Hopfenbittere und Hopfenaromen und 5.5% vol. Baderbr\u00e4u M\u00e4rzen k\u00f6nnen Sie in den Getr\u00e4nkem\u00e4rkten oder ab Brauerei in der 0,33 Liter Flasche erwerben. Gerne f\u00fcllen wir Ihnen auch ein Fass ab (in den Gr\u00f6\u00dfen 10 &#8211; 15 &#8211; 20 &#8211; 30 &#8211; 50 Liter. Bitte mindestens 1 Tag vorher telefonisch bestellen). [&hellip;]<\/p>\n","protected":false},"author":1,"featured_media":0,"parent":323,"menu_order":0,"comment_status":"closed","ping_status":"closed","template":"","meta":[],"wppr_data":{"cwp_meta_box_check":"No"},"_links":{"self":[{"href":"https:\/\/www.baderbr\u00e4u.de\/index.php?rest_route=\/wp\/v2\/pages\/269"}],"collection":[{"href":"https:\/\/www.baderbr\u00e4u.de\/index.php?rest_route=\/wp\/v2\/pages"}],"about":[{"href":"https:\/\/www.baderbr\u00e4u.de\/index.php?rest_route=\/wp\/v2\/types\/page"}],"author":[{"embeddable":true,"href":"https:\/\/www.baderbr\u00e4u.de\/index.php?rest_route=\/wp\/v2\/users\/1"}],"replies":[{"embeddable":true,"href":"https:\/\/www.baderbr\u00e4u.de\/index.php?rest_route=%2Fwp%2Fv2%2Fcomments&post=269"}],"version-history":[{"count":22,"href":"https:\/\/www.baderbr\u00e4u.de\/index.php?rest_route=\/wp\/v2\/pages\/269\/revisions"}],"predecessor-version":[{"id":1463,"href":"https:\/\/www.baderbr\u00e4u.de\/index.php?rest_route=\/wp\/v2\/pages\/269\/revisions\/1463"}],"up":[{"embeddable":true,"href":"https:\/\/www.baderbr\u00e4u.de\/index.php?rest_route=\/wp\/v2\/pages\/323"}],"wp:attachment":[{"href":"https:\/\/www.baderbr\u00e4u.de\/index.php?rest_route=%2Fwp%2Fv2%2Fmedia&parent=269"}],"curies":[{"name":"wp","href":"https:\/\/api.w.org\/{rel}","templated":true}]}}