{"id":323,"date":"2018-06-17T18:42:19","date_gmt":"2018-06-17T16:42:19","guid":{"rendered":"http:\/\/www.baderbraeu.de\/wordpress\/?page_id=323"},"modified":"2018-08-28T21:14:56","modified_gmt":"2018-08-28T19:14:56","slug":"bier2","status":"publish","type":"page","link":"https:\/\/www.baderbr\u00e4u.de\/?page_id=323","title":{"rendered":"Bier"},"content":{"rendered":"<h3>Bier als Kulturgut und Aush\u00e4ngeschild der Region<\/h3>\n<p style=\"text-align: left;\">In Bayern wird Bier von Jung und Alt als ein traditionsreiches Kulturgut und als Bestandteil bayerischer Lebensart begriffen. Ein Ort ohne eigene Brauerei war lange Zeit undenkbar.<\/p>\n<p>Die Industrialisierung des 19. und 20. Jahrhunderts hat zu einem Sterben vieler kleiner und handwerklich betriebener Brauereien und damit zu einem Verlust der Geschmacksvielfalt des bayerischen Bieres gef\u00fchrt. Jede Region Bayerns hat ihre eigenen Geschmacksakzente im Bier entwickelt und kultiviert. In Ober- und Niederbayern ist ein s\u00fcffiges, fruchtiges und dezent gehopftes Wei\u00dfbier beheimatet.<\/p>\n<p>Wir vom Baderbr\u00e4u Schnaitsee verstehen es als unsere Aufgabe, dieser Tradition wieder ein exzellentes St\u00fcck hinzuzuf\u00fcgen.<\/p>\n<p><a href=\"https:\/\/www.baderbr\u00e4u.de\/?page_id=386\">Bestellen Sie unser Bier online!<\/a><\/p>\n<div style=\"text-align: center;\"><img loading=\"lazy\" class=\"wp-image-261 aligncenter\" src=\"http:\/\/www.baderbraeu.de\/wp-content\/uploads\/2018\/06\/bier-300x300.jpg\" alt=\"\" width=\"525\" height=\"525\" srcset=\"https:\/\/www.baderbr\u00e4u.de\/wp-content\/uploads\/2018\/06\/bier-300x300.jpg 300w, https:\/\/www.baderbr\u00e4u.de\/wp-content\/uploads\/2018\/06\/bier-150x150.jpg 150w, https:\/\/www.baderbr\u00e4u.de\/wp-content\/uploads\/2018\/06\/bier.jpg 700w\" sizes=\"(max-width: 525px) 100vw, 525px\" \/><\/div>\n<h3>Reinheitsgebot\u00a0von 1516<\/h3>\n<div>Ganz Deutschland und vor allem wir Bayern feierten 2016 das 500 j\u00e4hrige Bestehen des bayerischen Reinheitsgebots von 1516. Bei aller Freude am Feiern sollten wir aber nicht \u00fcbersehen, den Tatsachen ins Auge zu schauen. Denn das Reinheitsgebot von 1516 hat nichts mehr mit dem &#8222;vorl\u00e4ufigen Biersteuergesetz von 1993&#8220; zu tun. Dies ist n\u00e4mlich die Bezeichnung\u00a0 des Gesetzes, das wir Reinheitsgebot nennen. Aber lesen Sie selber das <strong><a href=\"https:\/\/www.baderbr\u00e4u.de\/wp-content\/uploads\/2018\/06\/Reinheitsgebot.pdf\">Reinheitsgebot<\/a><\/strong>.<\/div>\n","protected":false},"excerpt":{"rendered":"<p>Bier als Kulturgut und Aush\u00e4ngeschild der Region In Bayern wird Bier von Jung und Alt als ein traditionsreiches Kulturgut und als Bestandteil bayerischer Lebensart begriffen. Ein Ort ohne eigene Brauerei war lange Zeit undenkbar. Die Industrialisierung des 19. und 20. Jahrhunderts hat zu einem Sterben vieler kleiner und handwerklich betriebener Brauereien und damit zu einem [&hellip;]<\/p>\n","protected":false},"author":2,"featured_media":0,"parent":0,"menu_order":0,"comment_status":"closed","ping_status":"closed","template":"","meta":[],"wppr_data":{"cwp_meta_box_check":"No"},"_links":{"self":[{"href":"https:\/\/www.baderbr\u00e4u.de\/index.php?rest_route=\/wp\/v2\/pages\/323"}],"collection":[{"href":"https:\/\/www.baderbr\u00e4u.de\/index.php?rest_route=\/wp\/v2\/pages"}],"about":[{"href":"https:\/\/www.baderbr\u00e4u.de\/index.php?rest_route=\/wp\/v2\/types\/page"}],"author":[{"embeddable":true,"href":"https:\/\/www.baderbr\u00e4u.de\/index.php?rest_route=\/wp\/v2\/users\/2"}],"replies":[{"embeddable":true,"href":"https:\/\/www.baderbr\u00e4u.de\/index.php?rest_route=%2Fwp%2Fv2%2Fcomments&post=323"}],"version-history":[{"count":16,"href":"https:\/\/www.baderbr\u00e4u.de\/index.php?rest_route=\/wp\/v2\/pages\/323\/revisions"}],"predecessor-version":[{"id":1396,"href":"https:\/\/www.baderbr\u00e4u.de\/index.php?rest_route=\/wp\/v2\/pages\/323\/revisions\/1396"}],"wp:attachment":[{"href":"https:\/\/www.baderbr\u00e4u.de\/index.php?rest_route=%2Fwp%2Fv2%2Fmedia&parent=323"}],"curies":[{"name":"wp","href":"https:\/\/api.w.org\/{rel}","templated":true}]}}