{"id":386,"date":"2018-06-17T19:14:36","date_gmt":"2018-06-17T17:14:36","guid":{"rendered":"http:\/\/www.baderbraeu.de\/wordpress\/?page_id=386"},"modified":"2026-03-09T11:48:08","modified_gmt":"2026-03-09T09:48:08","slug":"online-bestellen","status":"publish","type":"page","link":"https:\/\/www.baderbr\u00e4u.de\/?page_id=386","title":{"rendered":"Baderbr\u00e4u Biere in alle Welt"},"content":{"rendered":"<p style=\"text-align: left;\">Unsere Biere k\u00f6nnen Sie jederzeit auch \u00fcber das Internet bestellen und sich nach Hause schicken lassen. Das machen nicht wir selbst, sondern ein befreundetes Unternehmen: Fruga F\u00fcrst aus Rosenheim!<\/p>\n<p style=\"text-align: left;\">Unter diesem Link k\u00f6nnen Sie Baderbr\u00e4u ganz bequem bestellen:\u00a0<\/p>\n\n\n<p><a href=\"https:\/\/der-getraenke.shop\/Baderbraeu-Schnaitsee_2\">https:\/\/der-getraenke.shop\/Baderbraeu-Schnaitsee_2<\/a><\/p>\n","protected":false},"excerpt":{"rendered":"<p>Unsere Biere k\u00f6nnen Sie jederzeit auch \u00fcber das Internet bestellen und sich nach Hause schicken lassen. Das machen nicht wir selbst, sondern ein befreundetes Unternehmen: Fruga F\u00fcrst aus Rosenheim! Unter diesem Link k\u00f6nnen Sie Baderbr\u00e4u ganz bequem bestellen:\u00a0 https:\/\/der-getraenke.shop\/Baderbraeu-Schnaitsee_2<\/p>\n","protected":false},"author":1,"featured_media":0,"parent":323,"menu_order":0,"comment_status":"closed","ping_status":"closed","template":"","meta":[],"wppr_data":{"cwp_meta_box_check":"No"},"_links":{"self":[{"href":"https:\/\/www.baderbr\u00e4u.de\/index.php?rest_route=\/wp\/v2\/pages\/386"}],"collection":[{"href":"https:\/\/www.baderbr\u00e4u.de\/index.php?rest_route=\/wp\/v2\/pages"}],"about":[{"href":"https:\/\/www.baderbr\u00e4u.de\/index.php?rest_route=\/wp\/v2\/types\/page"}],"author":[{"embeddable":true,"href":"https:\/\/www.baderbr\u00e4u.de\/index.php?rest_route=\/wp\/v2\/users\/1"}],"replies":[{"embeddable":true,"href":"https:\/\/www.baderbr\u00e4u.de\/index.php?rest_route=%2Fwp%2Fv2%2Fcomments&post=386"}],"version-history":[{"count":11,"href":"https:\/\/www.baderbr\u00e4u.de\/index.php?rest_route=\/wp\/v2\/pages\/386\/revisions"}],"predecessor-version":[{"id":1883,"href":"https:\/\/www.baderbr\u00e4u.de\/index.php?rest_route=\/wp\/v2\/pages\/386\/revisions\/1883"}],"up":[{"embeddable":true,"href":"https:\/\/www.baderbr\u00e4u.de\/index.php?rest_route=\/wp\/v2\/pages\/323"}],"wp:attachment":[{"href":"https:\/\/www.baderbr\u00e4u.de\/index.php?rest_route=%2Fwp%2Fv2%2Fmedia&parent=386"}],"curies":[{"name":"wp","href":"https:\/\/api.w.org\/{rel}","templated":true}]}}