{"id":436,"date":"2018-06-17T20:04:41","date_gmt":"2018-06-17T18:04:41","guid":{"rendered":"http:\/\/www.baderbraeu.de\/wordpress\/?page_id=436"},"modified":"2023-06-10T14:10:37","modified_gmt":"2023-06-10T12:10:37","slug":"partner","status":"publish","type":"page","link":"https:\/\/www.baderbr\u00e4u.de\/?page_id=436","title":{"rendered":"Freunde &#038; Partner"},"content":{"rendered":"<h2>Unsere Baderbr\u00e4u Verkaufstellen<\/h2>\n\n\n<p><\/p>\n\n\n\n<iframe loading=\"lazy\" width=\"100%\" height=\"300px\" frameborder=\"0\" allowfullscreen src=\"\/\/umap.openstreetmap.fr\/de\/map\/baderbrau-getrankemarkte_716424?scaleControl=false&#038;miniMap=false&#038;scrollWheelZoom=false&#038;zoomControl=true&#038;allowEdit=false&#038;moreControl=false&#038;searchControl=null&#038;tilelayersControl=null&#038;embedControl=null&#038;datalayersControl=true&#038;onLoadPanel=none&#038;captionBar=false\"><\/iframe><p>\n\n\n<h2>Baderbr\u00e4u im Restaurant<\/h2>\n\n\n<h3 class=\"has-large-font-size\"><\/h3>\n\n\n\n<p>In Schnaitsee k\u00f6nnen Sie Baderbr\u00e4u Biere im Bistrorant <a rel=\"noreferrer noopener\" href=\"http:\/\/vicino-schnaitsee.de\/\" target=\"_blank\">Vicino<\/a> und in der Taverna \u00c4gais (Schnaitseer Wirth) genie\u00dfen. In Wasserburg steht unser Wei\u00dfbier im <a rel=\"noreferrer noopener\" href=\"http:\/\/queens-wasserburg.de\/\" target=\"_blank\">Cafe und Pub Queens<\/a> im ehemaligen Bruck- Br\u00e4u an der Innbr\u00fccke und in der <a href=\"https:\/\/tavernaitaliana.de\/\">Taverna Italiana<\/a> (Greinhof) auf der Karte, ebenso in der <a href=\"http:\/\/www.losteriadachristian.de\/\">Osteria da Christian<\/a> in Penzing am See, so wie in den <a href=\"https:\/\/www.paulanerstuben-wasserburg.de\/index.htm\">Paulanerstuben<\/a> am Marienplatz und gleich gegen\u00fcber im Cafe Schranne im Rathaus.. Weiterhin gibt es unser Bier in Rosenheim im <a rel=\"noreferrer noopener\" href=\"http:\/\/viniculti.de\/\" target=\"_blank\">Viniculti<\/a> in der Klepperstra\u00dfe. Auch im <a href=\"https:\/\/www.cafe-vivarium.de\/\">Vivarium<\/a> in H\u00f6slwang und im<a href=\"https:\/\/www.facebook.com\/LaTavernettaKraiburg\/\"> La Tavernetta<\/a> in Kraiburg am Marktplatz k\u00f6nnen Sie Baderbr\u00e4u bestellen. Bei besonderen Anl\u00e4ssen, wie Hochzeiten, wird Baderbr\u00e4u auch im <a rel=\"noreferrer noopener\" href=\"http:\/\/www.draustoana-stadl.de\/\" target=\"_blank\">Draustoana Stadl<\/a> in Gumpertsham bei Babensham ausgeschenkt.<\/p>\n\n\n\n<h3>Baderbr\u00e4u in der Taverna \u00c4g\u00e4is in Schnaitsee genie\u00dfen<\/h3>\n\n\n<div class=\"wp-block-image\">\n<figure class=\"alignleft\"><a href=\"https:\/\/www.baderbr\u00e4u.de\/?attachment_id=667\"><img loading=\"lazy\" width=\"1024\" height=\"684\" src=\"https:\/\/www.baderbr\u00e4u.de\/wp-content\/uploads\/2019\/01\/Wirth_Temp-1024x684.jpg\" alt=\"\" class=\"wp-image-667\" srcset=\"https:\/\/www.baderbr\u00e4u.de\/wp-content\/uploads\/2019\/01\/Wirth_Temp-1024x684.jpg 1024w, https:\/\/www.baderbr\u00e4u.de\/wp-content\/uploads\/2019\/01\/Wirth_Temp-300x200.jpg 300w, https:\/\/www.baderbr\u00e4u.de\/wp-content\/uploads\/2019\/01\/Wirth_Temp-768x513.jpg 768w, https:\/\/www.baderbr\u00e4u.de\/wp-content\/uploads\/2019\/01\/Wirth_Temp-50x33.jpg 50w\" sizes=\"(max-width: 1024px) 100vw, 1024px\" \/><\/a><\/figure><\/div>\n\n\n<p>Lange ist der Schnaitseer Wirth leer gestanden. Seit Oktober 2018 ist er ein griechisches Speiserestaurant. Die Wirtsleute, Vasilis mit seiner Frau sind langj\u00e4hrige Profis in der Gastronomie. Wer gerne griechisch isst, kommt hier voll auf seine Kosten. Das Lokal hat nicht nur eine hervorragende K\u00fcche, sondern ist auch sehr gem\u00fctlich eingerichtet. Neben der ger\u00e4umigen Gaststube gibt es noch 2 lauschige Nebenzimmer und einen Saal f\u00fcr gr\u00f6\u00dfere Feiern. In der warmen Jahreszeit kann der Gast auch im Biergarten sitzen &#8211; und sich das gute Baderbr\u00e4u Hell oder Wei\u00dfbier bringen lassen &#8211; nat\u00fcrlich vom Fass!<\/p>\n\n\n\n<p>\u00d6ffnungszeiten: Montag 17:00 &#8211; 00:00 Dienstag Ruhetag Mittwoch bis Samstag 17:00 &#8211; 00:00 Sonntag 11:30 &#8211; 14:30 und 17:00 &#8211; 22:00 Telefon: 08074\/2150150<\/p>\n\n\n\n<p><\/p>\n\n\n\n<h3>Baderbr\u00e4u in der Taverna Italiana in Wasserburg<\/h3>\n\n\n<div class=\"wp-block-image\">\n<figure class=\"alignleft\"><a href=\"https:\/\/www.baderbr\u00e4u.de\/?attachment_id=672\"><img loading=\"lazy\" width=\"720\" height=\"405\" src=\"https:\/\/www.baderbr\u00e4u.de\/wp-content\/uploads\/2019\/01\/Taverna-Italiana.jpg\" alt=\"\" class=\"wp-image-672\" srcset=\"https:\/\/www.baderbr\u00e4u.de\/wp-content\/uploads\/2019\/01\/Taverna-Italiana.jpg 720w, https:\/\/www.baderbr\u00e4u.de\/wp-content\/uploads\/2019\/01\/Taverna-Italiana-300x169.jpg 300w, https:\/\/www.baderbr\u00e4u.de\/wp-content\/uploads\/2019\/01\/Taverna-Italiana-50x28.jpg 50w\" sizes=\"(max-width: 720px) 100vw, 720px\" \/><\/a><\/figure><\/div>\n\n\n<p>Kaum jemand erinnert sich noch an den Greinbr\u00e4u in Wasserburg. Aber dort wo sich jetzt die Taverna Italiana befindet, wurde vor 50 Jahren noch Bier gebraut, besser gesagt, gelagert. Denn die Tonnengew\u00f6lbe waren einst der Lagerkeller der Brauerei. Gianluca Fusaro und sein Team betreiben dort ein Ristorante auf h\u00f6chstem Niveau mit sehr stilvollem Ambiente und perfektem Service. Es l\u00e4\u00dft keine W\u00fcnsche offen (au\u00dfer wenns kein Baderbr\u00e4u g\u00e4be). Zu finden in der Ledererzeile 31b (Greinhof)<\/p>\n\n\n\n<p>\u00d6ffnungszeiten: Dienstag &#8211; Samstag von 11.30 &#8211; 14.30 und 18.00 &#8211; 24.00 Sonntag 11.30 &#8211; 24.00 Montag Ruhetag<\/p>\n\n\n\n<h3>Baderbr\u00e4u im Cafe und Pub Queens in Wasserburg<\/h3>\n\n\n<div class=\"wp-block-image\">\n<figure class=\"alignleft\"><a href=\"https:\/\/www.baderbr\u00e4u.de\/?attachment_id=674\"><img loading=\"lazy\" width=\"1024\" height=\"768\" src=\"https:\/\/www.baderbr\u00e4u.de\/wp-content\/uploads\/2019\/01\/Queens-1024x768.jpg\" alt=\"\" class=\"wp-image-674\" srcset=\"https:\/\/www.baderbr\u00e4u.de\/wp-content\/uploads\/2019\/01\/Queens.jpg 1024w, https:\/\/www.baderbr\u00e4u.de\/wp-content\/uploads\/2019\/01\/Queens-300x225.jpg 300w, https:\/\/www.baderbr\u00e4u.de\/wp-content\/uploads\/2019\/01\/Queens-768x576.jpg 768w, https:\/\/www.baderbr\u00e4u.de\/wp-content\/uploads\/2019\/01\/Queens-50x38.jpg 50w\" sizes=\"(max-width: 1024px) 100vw, 1024px\" \/><\/a><\/figure><\/div>\n\n\n<p>Im ehemaligen Brauereigasthof Bruckbr\u00e4u direkt an der Innbr\u00fccke betreiben seit vielen Jahren Gitti und Christine mit ihrem Team ein Pub im englischen Stil. Urgem\u00fctlich und mit mehreren Nebenzimmern, kann man hier feiern, das wohl sortierte Kuchenbuffet genie\u00dfen und manchmal auch der Live-Musik zuh\u00f6ren. Nat\u00fcrlich kann man auch bestens Mittag- und Abendessen! Ein Wohlf\u00fchlambiente &#8211; im Sommer mit Freisitz!<\/p>\n\n\n\n<p>\u00d6ffnungszeiten: Dienstag &#8211; Donnerstag 12.00 &#8211; 24.00 Freitag 12.00 &#8211; 01.00 Samstag 13.00 &#8211; 01.00 Sonntag 13.00 -17.00 Montag Ruhetag<\/p>\n\n\n\n<h3>Baderbr\u00e4u im Bistrorant Vicino in Schnaitsee<\/h3>\n\n\n<div class=\"wp-block-image\">\n<figure class=\"alignleft\"><a href=\"https:\/\/www.baderbr\u00e4u.de\/?attachment_id=677\"><img loading=\"lazy\" width=\"960\" height=\"541\" src=\"https:\/\/www.baderbr\u00e4u.de\/wp-content\/uploads\/2019\/01\/Vicino.jpg\" alt=\"\" class=\"wp-image-677\" srcset=\"https:\/\/www.baderbr\u00e4u.de\/wp-content\/uploads\/2019\/01\/Vicino.jpg 960w, https:\/\/www.baderbr\u00e4u.de\/wp-content\/uploads\/2019\/01\/Vicino-300x169.jpg 300w, https:\/\/www.baderbr\u00e4u.de\/wp-content\/uploads\/2019\/01\/Vicino-768x433.jpg 768w, https:\/\/www.baderbr\u00e4u.de\/wp-content\/uploads\/2019\/01\/Vicino-50x28.jpg 50w\" sizes=\"(max-width: 960px) 100vw, 960px\" \/><\/a><\/figure><\/div>\n\n\n<p>In der Trostberger Strasse 22 in Schnaitsee f\u00fchrt Rosmarie Winterer ein kleines, feines und stilvolles Restaurant mit mediterranem Flair. Im Sommer kann der Gast auf einer ruhigen und sonnigen Terrasse verweilen. Die Speisekarte ist sehr reichhaltig und geht von gut b\u00fcrgerlicher bis zu internationaler K\u00fcche. Es gibt immer auch eine Tageskarte. &#8230; und nat\u00fcrlich Baderbr\u00e4u.<\/p>\n\n\n\n<p>\u00d6ffnungszeiten: Donnerstag bis Dienstag ab 18.00 Sonntag 11.00 &#8211; 14.00 und ab 18.00 Samstag und Mittags nur mit Reservierung Mittwoch Ruhetag<\/p>\n\n\n\n<h3>Baderbr\u00e4u in der L&#8217;Osteria da Christian in Penzing<\/h3>\n\n\n<div class=\"wp-block-image\">\n<figure class=\"alignleft\"><a href=\"https:\/\/www.baderbr\u00e4u.de\/?attachment_id=812\"><img loading=\"lazy\" width=\"1024\" height=\"356\" src=\"https:\/\/www.baderbr\u00e4u.de\/wp-content\/uploads\/2019\/09\/59147e1c54686903273552--1024x356.jpg\" alt=\"\" class=\"wp-image-812\" srcset=\"https:\/\/www.baderbr\u00e4u.de\/wp-content\/uploads\/2019\/09\/59147e1c54686903273552--1024x356.jpg 1024w, https:\/\/www.baderbr\u00e4u.de\/wp-content\/uploads\/2019\/09\/59147e1c54686903273552--300x104.jpg 300w, https:\/\/www.baderbr\u00e4u.de\/wp-content\/uploads\/2019\/09\/59147e1c54686903273552--768x267.jpg 768w, https:\/\/www.baderbr\u00e4u.de\/wp-content\/uploads\/2019\/09\/59147e1c54686903273552--50x17.jpg 50w, https:\/\/www.baderbr\u00e4u.de\/wp-content\/uploads\/2019\/09\/59147e1c54686903273552-.jpg 1436w\" sizes=\"(max-width: 1024px) 100vw, 1024px\" \/><\/a><\/figure><\/div>\n\n\n<p>Direkt am Ufer des Penzinger Sees gelegen ist die L&#8217;Osteria da Christian. Penzing, ein kleiner Ort, etwa 1 Km \u00f6stlich von Wasserburg, besitzt ein Schloss und einen beliebten Badesee. Die Osteria verf\u00fcgt \u00fcber eine Terrasse mit Blick \u00fcber den See und ein sehr stilvolles Lokal. Alle Speisen sind auf h\u00f6chstem Niveau und der Service ist sehr freundlich. &#8211; Wer dort verweilt, f\u00fchlt sich wie auf einem Kurzurlaub in Italien!<\/p>\n\n\n\n<p>\u00d6ffnungszeiten: T\u00e4glich von 11 &#8211; 14 und 18 &#8211; 23 Uhr Samstag und Sonntag durchgehend, Dienstag Ruhetag.<\/p>\n\n\n\n<h3>Ristorante Pizzeria Don Camillo in Tacherting mit Baderbr\u00e4u-Stubn<\/h3>\n\n\n<div class=\"wp-block-image\">\n<figure class=\"alignleft\"><a href=\"https:\/\/www.baderbr\u00e4u.de\/?attachment_id=735\"><img loading=\"lazy\" width=\"931\" height=\"1024\" src=\"https:\/\/www.baderbr\u00e4u.de\/wp-content\/uploads\/2019\/04\/Baderbr\u00e4u-Stubn-1-1-931x1024.jpg\" alt=\"\" class=\"wp-image-735\" srcset=\"https:\/\/www.baderbr\u00e4u.de\/wp-content\/uploads\/2019\/04\/Baderbr\u00e4u-Stubn-1-1-931x1024.jpg 931w, https:\/\/www.baderbr\u00e4u.de\/wp-content\/uploads\/2019\/04\/Baderbr\u00e4u-Stubn-1-1-273x300.jpg 273w, https:\/\/www.baderbr\u00e4u.de\/wp-content\/uploads\/2019\/04\/Baderbr\u00e4u-Stubn-1-1-768x844.jpg 768w, https:\/\/www.baderbr\u00e4u.de\/wp-content\/uploads\/2019\/04\/Baderbr\u00e4u-Stubn-1-1-45x50.jpg 45w, https:\/\/www.baderbr\u00e4u.de\/wp-content\/uploads\/2019\/04\/Baderbr\u00e4u-Stubn-1-1.jpg 1990w\" sizes=\"(max-width: 931px) 100vw, 931px\" \/><\/a><\/figure><\/div>\n\n\n<p>Andrea und Sergio haben sich seit Jahrzehnten einen Namen als Gastronomen in der Region gemacht. Viele kennen noch ihre Lokale in Trostberg, Kienberg und Deisenham. 2019 haben sie das &#8222;Ristorante Don Camillo&#8220; in der Trostberger Strasse in Tacherting er\u00f6ffnet. Wir vom Baderbr\u00e4u haben darin eine eigene \u201eBaderbr\u00e4u-Stubn\u201c eingerichtet, mit antikem Mobiliar und urgem\u00fctlich! Dort k\u00f6nnen Sie also nicht nur hervorragend italienisch speisen, sondern auch Baderbr\u00e4u Biere genie\u00dfen. \u00d6ffnungzeiten sind t\u00e4glich von 11:00 \u2013 14:00 und 17:00 \u2013 22:00, Dienstag ist Ruhetag. Telefon: <a href=\"https:\/\/www.google.de\/search?source=hp&amp;ei=uJm0XKvNFLKcmwW_vgE&amp;q=don+camillo+tacherting&amp;oq=don&amp;gs_l=psy-ab.1.0.35i39l2j0i131j0j0i20i263j0j0i20i263j0i131l2j0.2630.3043..5111...0.0..0.90.339.4......0....1..gws-wiz.....0.1pZzK0ETZpQ#\">01516 3008888<\/a><\/p>\n\n\n\n<h3>Baderbr\u00e4u Hell jetzt in den Paulaner-Stuben in Wasserburg<\/h3>\n\n\n<div class=\"wp-block-image\">\n<figure class=\"alignleft\"><a href=\"https:\/\/www.baderbr\u00e4u.de\/?attachment_id=767\"><img loading=\"lazy\" width=\"1024\" height=\"685\" src=\"https:\/\/www.baderbr\u00e4u.de\/wp-content\/uploads\/2019\/07\/Paulaner-homepage-1024x685.jpg\" alt=\"\" class=\"wp-image-767\" srcset=\"https:\/\/www.baderbr\u00e4u.de\/wp-content\/uploads\/2019\/07\/Paulaner-homepage-1024x685.jpg 1024w, https:\/\/www.baderbr\u00e4u.de\/wp-content\/uploads\/2019\/07\/Paulaner-homepage-300x201.jpg 300w, https:\/\/www.baderbr\u00e4u.de\/wp-content\/uploads\/2019\/07\/Paulaner-homepage-768x513.jpg 768w, https:\/\/www.baderbr\u00e4u.de\/wp-content\/uploads\/2019\/07\/Paulaner-homepage-50x33.jpg 50w, https:\/\/www.baderbr\u00e4u.de\/wp-content\/uploads\/2019\/07\/Paulaner-homepage.jpg 1074w\" sizes=\"(max-width: 1024px) 100vw, 1024px\" \/><\/a><\/figure><\/div>\n\n\n<p>Es freut uns sehr, dass ab jetzt unser Bier im Hotel und Gasthof Paulaner-Stuben am Marienplatz in Wasserburg ausgeschenkt wird!<\/p>\n\n\n\n<p>Das Traditionslokal im Kernhaus, direkt gegen\u00fcber des historischen Rathauses am Marienplatz hat eine Terrasse direkt am Innufer, aber auch unter den Arkaden kann man mit Blick auf den Stadtplatz sitzen. Die gediegen eingerichtete Gaststube l\u00e4dt ein zu gut b\u00fcrgerlicher K\u00fcche mit reichhaltigem Angebot. Ein bayrisches Gasthaus, wie es heute nicht mehr oft zu finden ist! Auch als Hotel zu empfehlen!<\/p>\n\n\n\n<p>\u00d6ffnungszeiten: T\u00e4glich von 7 bis 23 Uhr, Mittwoch und Donnerstag Ruhetag<\/p>\n\n\n<div class=\"wp-block-image\">\n<figure class=\"alignleft\"><a href=\"https:\/\/www.baderbr\u00e4u.de\/?attachment_id=816\"><img loading=\"lazy\" width=\"768\" height=\"1024\" src=\"https:\/\/www.baderbr\u00e4u.de\/wp-content\/uploads\/2019\/09\/20190716_200227-768x1024.jpg\" alt=\"\" class=\"wp-image-816\" srcset=\"https:\/\/www.baderbr\u00e4u.de\/wp-content\/uploads\/2019\/09\/20190716_200227-768x1024.jpg 768w, https:\/\/www.baderbr\u00e4u.de\/wp-content\/uploads\/2019\/09\/20190716_200227-225x300.jpg 225w, https:\/\/www.baderbr\u00e4u.de\/wp-content\/uploads\/2019\/09\/20190716_200227-38x50.jpg 38w\" sizes=\"(max-width: 768px) 100vw, 768px\" \/><\/a><\/figure><\/div>\n\n\n<h3><\/h3>\n\n\n\n<p><\/p>\n","protected":false},"excerpt":{"rendered":"<p>Unsere Baderbr\u00e4u Verkaufstellen Baderbr\u00e4u im Restaurant In Schnaitsee k\u00f6nnen Sie Baderbr\u00e4u Biere im Bistrorant Vicino und in der Taverna \u00c4gais (Schnaitseer Wirth) genie\u00dfen. In Wasserburg steht unser Wei\u00dfbier im Cafe und Pub Queens im ehemaligen Bruck- Br\u00e4u an der Innbr\u00fccke und in der Taverna Italiana (Greinhof) auf der Karte, ebenso in der Osteria da Christian [&hellip;]<\/p>\n","protected":false},"author":2,"featured_media":0,"parent":0,"menu_order":0,"comment_status":"closed","ping_status":"closed","template":"","meta":[],"wppr_data":{"cwp_meta_box_check":"No"},"_links":{"self":[{"href":"https:\/\/www.baderbr\u00e4u.de\/index.php?rest_route=\/wp\/v2\/pages\/436"}],"collection":[{"href":"https:\/\/www.baderbr\u00e4u.de\/index.php?rest_route=\/wp\/v2\/pages"}],"about":[{"href":"https:\/\/www.baderbr\u00e4u.de\/index.php?rest_route=\/wp\/v2\/types\/page"}],"author":[{"embeddable":true,"href":"https:\/\/www.baderbr\u00e4u.de\/index.php?rest_route=\/wp\/v2\/users\/2"}],"replies":[{"embeddable":true,"href":"https:\/\/www.baderbr\u00e4u.de\/index.php?rest_route=%2Fwp%2Fv2%2Fcomments&post=436"}],"version-history":[{"count":47,"href":"https:\/\/www.baderbr\u00e4u.de\/index.php?rest_route=\/wp\/v2\/pages\/436\/revisions"}],"predecessor-version":[{"id":1648,"href":"https:\/\/www.baderbr\u00e4u.de\/index.php?rest_route=\/wp\/v2\/pages\/436\/revisions\/1648"}],"wp:attachment":[{"href":"https:\/\/www.baderbr\u00e4u.de\/index.php?rest_route=%2Fwp%2Fv2%2Fmedia&parent=436"}],"curies":[{"name":"wp","href":"https:\/\/api.w.org\/{rel}","templated":true}]}}