{"id":470,"date":"2018-06-17T21:42:30","date_gmt":"2018-06-17T19:42:30","guid":{"rendered":"http:\/\/www.baderbraeu.de\/?page_id=470"},"modified":"2022-03-01T17:13:11","modified_gmt":"2022-03-01T15:13:11","slug":"equipment","status":"publish","type":"page","link":"https:\/\/www.baderbr\u00e4u.de\/?page_id=470","title":{"rendered":"Ausschankh\u00e4nger"},"content":{"rendered":"<p><span lang=\"DE\"><strong><a href=\"https:\/\/www.baderbr\u00e4u.de\/?page_id=57\">Ein Anruf<\/a><\/strong> gen\u00fcgt dann r\u00fccken wir aus \u2013 d<\/span><span lang=\"DE\">er Ausschankanh\u00e4nger best\u00fcckt mit unserem Bier garantiert Partylaune! Nach 4 Seiten aufklappbar, rundum Tresen, Gl\u00e4sersp\u00fcler, Schankanlage f\u00fcr Bier und nichtalkoholische Getr\u00e4nke, auf Wunsch auch mit Personal. Aufklappen, feiern und Spa\u00df haben\u00a0\ud83d\ude42<\/span><\/p>\n<div style=\"text-align: center;\"><img loading=\"lazy\" class=\"aligncenter wp-image-204\" src=\"http:\/\/www.baderbraeu.de\/wp-content\/uploads\/2018\/06\/pav_0-300x169.jpg\" alt=\"\" width=\"525\" height=\"295\" srcset=\"https:\/\/www.baderbr\u00e4u.de\/wp-content\/uploads\/2018\/06\/pav_0-300x169.jpg 300w, https:\/\/www.baderbr\u00e4u.de\/wp-content\/uploads\/2018\/06\/pav_0-768x432.jpg 768w, https:\/\/www.baderbr\u00e4u.de\/wp-content\/uploads\/2018\/06\/pav_0.jpg 960w\" sizes=\"(max-width: 525px) 100vw, 525px\" \/><\/div>\n<div><\/div>\n<div style=\"text-align: center;\"><img loading=\"lazy\" class=\"alignnone wp-image-205\" src=\"http:\/\/www.baderbraeu.de\/wp-content\/uploads\/2018\/06\/pav_1-300x169.jpg\" alt=\"\" width=\"525\" height=\"295\" srcset=\"https:\/\/www.baderbr\u00e4u.de\/wp-content\/uploads\/2018\/06\/pav_1-300x169.jpg 300w, https:\/\/www.baderbr\u00e4u.de\/wp-content\/uploads\/2018\/06\/pav_1-768x432.jpg 768w, https:\/\/www.baderbr\u00e4u.de\/wp-content\/uploads\/2018\/06\/pav_1.jpg 960w\" sizes=\"(max-width: 525px) 100vw, 525px\" \/><\/div>\n<div><\/div>\n<h1>Unser Equipment f\u00fcr Ihre Veranstaltung<\/h1>\n<p>Wenn Sie f\u00fcr Ihre Party, Feier oder Veranstaltung etwas ben\u00f6tigen, dann k\u00f6nnen wir helfen.<\/p>\n<p>Folgende Ausstattungsobjekte k\u00f6nnen wir zum Verleih anbieten (Preise auf Anfrage):<\/p>\n<ul>\n<li>Ausschankwagen<\/li>\n<li>Ausschankpavillion<\/li>\n<li>Durchlaufk\u00fchler<\/li>\n<li>K\u00fchlanh\u00e4nger<\/li>\n<li>Bierb\u00e4nke &amp; Tische<\/li>\n<li>K\u00fchlschr\u00e4nke<\/li>\n<li>Gl\u00e4ser (Wei\u00dfbier, Hell, Cocktail)<\/li>\n<li>Gastrosp\u00fclmaschine<\/li>\n<li>Gl\u00e4sersp\u00fclmaschine<a name=\"_GoBack\"><\/a><\/li>\n<li>St\u00fchle<\/li>\n<li>Sp\u00fcltische<\/li>\n<li>Stromverteiler &amp; Kabel<\/li>\n<li>Stehtische<\/li>\n<li>Barhocker<\/li>\n<li>Gasgrill<\/li>\n<li>Elektrogrill<\/li>\n<li>Tellerw\u00e4rmer<\/li>\n<li>Kaffeemaschinen<\/li>\n<li>Wasserschl\u00e4uche<\/li>\n<li>Gas<\/li>\n<li>Gaskanone<\/li>\n<li>Bierzeltheizung<\/li>\n<\/ul>\n","protected":false},"excerpt":{"rendered":"<p>Ein Anruf gen\u00fcgt dann r\u00fccken wir aus \u2013 der Ausschankanh\u00e4nger best\u00fcckt mit unserem Bier garantiert Partylaune! Nach 4 Seiten aufklappbar, rundum Tresen, Gl\u00e4sersp\u00fcler, Schankanlage f\u00fcr Bier und nichtalkoholische Getr\u00e4nke, auf Wunsch auch mit Personal. Aufklappen, feiern und Spa\u00df haben\u00a0\ud83d\ude42 Unser Equipment f\u00fcr Ihre Veranstaltung Wenn Sie f\u00fcr Ihre Party, Feier oder Veranstaltung etwas ben\u00f6tigen, dann [&hellip;]<\/p>\n","protected":false},"author":2,"featured_media":0,"parent":0,"menu_order":0,"comment_status":"closed","ping_status":"closed","template":"","meta":[],"wppr_data":{"cwp_meta_box_check":"No"},"_links":{"self":[{"href":"https:\/\/www.baderbr\u00e4u.de\/index.php?rest_route=\/wp\/v2\/pages\/470"}],"collection":[{"href":"https:\/\/www.baderbr\u00e4u.de\/index.php?rest_route=\/wp\/v2\/pages"}],"about":[{"href":"https:\/\/www.baderbr\u00e4u.de\/index.php?rest_route=\/wp\/v2\/types\/page"}],"author":[{"embeddable":true,"href":"https:\/\/www.baderbr\u00e4u.de\/index.php?rest_route=\/wp\/v2\/users\/2"}],"replies":[{"embeddable":true,"href":"https:\/\/www.baderbr\u00e4u.de\/index.php?rest_route=%2Fwp%2Fv2%2Fcomments&post=470"}],"version-history":[{"count":8,"href":"https:\/\/www.baderbr\u00e4u.de\/index.php?rest_route=\/wp\/v2\/pages\/470\/revisions"}],"predecessor-version":[{"id":1485,"href":"https:\/\/www.baderbr\u00e4u.de\/index.php?rest_route=\/wp\/v2\/pages\/470\/revisions\/1485"}],"wp:attachment":[{"href":"https:\/\/www.baderbr\u00e4u.de\/index.php?rest_route=%2Fwp%2Fv2%2Fmedia&parent=470"}],"curies":[{"name":"wp","href":"https:\/\/api.w.org\/{rel}","templated":true}]}}