{"id":57,"date":"2018-06-03T15:29:02","date_gmt":"2018-06-03T13:29:02","guid":{"rendered":"http:\/\/www.baderbraeu.de\/wordpress\/?page_id=57"},"modified":"2023-01-05T23:46:33","modified_gmt":"2023-01-05T21:46:33","slug":"kontakt","status":"publish","type":"page","link":"https:\/\/www.baderbr\u00e4u.de\/?page_id=57","title":{"rendered":"Kontakt"},"content":{"rendered":"<p>Baderbr\u00e4u Schnaitsee GmbH<\/p>\n<p>Baderweg 4<br \/>\n83530 Schnaitsee<\/p>\n<p>Tel: +49 (0) 176 32 35 70 45<br \/>\nE-Mail:\u00a0<a href=\"mailto:info@baderbraeu.de\">info@baderbraeu.de<\/a><\/p>\n<h3>\u00d6ffnungszeiten<\/h3>\n<p><strong>Brauerei:<\/strong> Brauereiverkauf<strong> werktags<\/strong> von 9 bis 18 Uhr<strong>, Samstag<\/strong> von 10 bis 13 Uhr.<\/p>\n<p><strong>Br\u00e4ust\u00fcberl und Biergarten am Baderweg 4:<\/strong>\u00a0Ge\u00f6ffnet<strong> Montag<\/strong> von 17 bis 22 Uhr, <strong>Donnerstags<\/strong> von 17 bis 24 Uhr und <strong>Samstag <\/strong>von 10 bis 13 Uhr.<\/p>\n<p>An den \u00fcbrigen Tagen k\u00f6nnen Sie in der Regel auch ein Bierchen bei uns bekommen und im Biergarten sitzen, l\u00e4uten Sie einfach an der Bierglocke vor dem Sudhaus oder am Eingang zum St\u00fcberl.<\/p>\n<h3>Anfahrt<\/h3>\n<p><span lang=\"DE\">Die Brauerei befindet sich im n\u00f6rdlichen Chiemgau, in der Ortsmitte von Schnaitsee.<\/span><\/p>\n<p><strong><span lang=\"DE\">Baderbr\u00e4u Schnaitsee GmbH<br \/>\n<\/span><span lang=\"DE\">Baderweg\u00a0 4<\/span><\/strong><br \/>\n<strong><span lang=\"DE\">D-83530 Schnaitsee<\/span><span lang=\"DE\">\u00a0<\/span><\/strong><\/p>\n<p><div class=\"leaflet-map WPLeafletMap\" style=\"height:250px; width:100%;\"><\/div><script>\nwindow.WPLeafletMapPlugin = window.WPLeafletMapPlugin || [];\nwindow.WPLeafletMapPlugin.push(function WPLeafletMapShortcode() {\/*<script>*\/\nvar baseUrl = 'https:\/\/{s}.tile.openstreetmap.org\/{z}\/{x}\/{y}.png';\nvar base = (!baseUrl && window.MQ) ? \n    window.MQ.mapLayer() : L.tileLayer(baseUrl, \n        L.Util.extend({}, {\n            detectRetina: 0,\n            minZoom: 1,\n            maxZoom: 17,\n        }, \n        {\"subdomains\":\"abc\",\"noWrap\":false}        )\n    );\n    var options = L.Util.extend({}, {\n        layers: [base],\n        attributionControl: false\n    }, \n    {\"zoomControl\":true,\"scrollWheelZoom\":true,\"doubleClickZoom\":true,\"fitBounds\":true,\"minZoom\":1,\"maxZoom\":17,\"attribution\":\"<a href=\\\"http:\\\/\\\/leafletjs.com\\\" title=\\\"A JS library for interactive maps\\\">Leaflet<\\\/a>; \\\\r\\\\n\\u00a9 <a href=\\\"http:\\\/\\\/www.openstreetmap.org\\\/copyright\\\">OpenStreetMap<\\\/a> contributors\"}, \n    {});\nwindow.WPLeafletMapPlugin.createMap(options).setView([48.070686175924,12.36847168766],10);});<\/script><br \/>\n<script>\nwindow.WPLeafletMapPlugin = window.WPLeafletMapPlugin || [];\nwindow.WPLeafletMapPlugin.push(function WPLeafletMarkerShortcode() {\/*<script>*\/\nvar map = window.WPLeafletMapPlugin.getCurrentMap();\nvar group = window.WPLeafletMapPlugin.getCurrentGroup();\nvar marker_options = window.WPLeafletMapPlugin.getIconOptions({});\nvar marker = L.marker(\n    [48.071057,12.369052], \n    marker_options\n);\nvar is_image = map.is_image_map;\nif (marker_options.draggable) {\n    marker.on('dragend', function () {\n        var latlng = this.getLatLng();\n        var lat = latlng.lat;\n        var lng = latlng.lng;\n        if (is_image) {\n            console.log('leaflet-marker y=' + lat + ' x=' + lng);\n        } else {\n            console.log('leaflet-marker lat=' + lat + ' lng=' + lng);\n        }\n    });\n}\nmarker.addTo( group );\nwindow.WPLeafletMapPlugin.markers.push( marker );\n        });<\/script><\/p>\n","protected":false},"excerpt":{"rendered":"<p>Baderbr\u00e4u Schnaitsee GmbH Baderweg 4 83530 Schnaitsee Tel: +49 (0) 176 32 35 70 45 E-Mail:\u00a0info@baderbraeu.de \u00d6ffnungszeiten Brauerei: Brauereiverkauf werktags von 9 bis 18 Uhr, Samstag von 10 bis 13 Uhr. Br\u00e4ust\u00fcberl und Biergarten am Baderweg 4:\u00a0Ge\u00f6ffnet Montag von 17 bis 22 Uhr, Donnerstags von 17 bis 24 Uhr und Samstag von 10 bis 13 [&hellip;]<\/p>\n","protected":false},"author":1,"featured_media":0,"parent":0,"menu_order":0,"comment_status":"closed","ping_status":"closed","template":"","meta":[],"wppr_data":{"cwp_meta_box_check":"No"},"_links":{"self":[{"href":"https:\/\/www.baderbr\u00e4u.de\/index.php?rest_route=\/wp\/v2\/pages\/57"}],"collection":[{"href":"https:\/\/www.baderbr\u00e4u.de\/index.php?rest_route=\/wp\/v2\/pages"}],"about":[{"href":"https:\/\/www.baderbr\u00e4u.de\/index.php?rest_route=\/wp\/v2\/types\/page"}],"author":[{"embeddable":true,"href":"https:\/\/www.baderbr\u00e4u.de\/index.php?rest_route=\/wp\/v2\/users\/1"}],"replies":[{"embeddable":true,"href":"https:\/\/www.baderbr\u00e4u.de\/index.php?rest_route=%2Fwp%2Fv2%2Fcomments&post=57"}],"version-history":[{"count":26,"href":"https:\/\/www.baderbr\u00e4u.de\/index.php?rest_route=\/wp\/v2\/pages\/57\/revisions"}],"predecessor-version":[{"id":1582,"href":"https:\/\/www.baderbr\u00e4u.de\/index.php?rest_route=\/wp\/v2\/pages\/57\/revisions\/1582"}],"wp:attachment":[{"href":"https:\/\/www.baderbr\u00e4u.de\/index.php?rest_route=%2Fwp%2Fv2%2Fmedia&parent=57"}],"curies":[{"name":"wp","href":"https:\/\/api.w.org\/{rel}","templated":true}]}}